{"id":860,"date":"2025-03-31T16:47:59","date_gmt":"2025-03-31T16:47:59","guid":{"rendered":"https:\/\/mealsonwheels-ottawa.org\/benevolat\/"},"modified":"2025-06-03T16:10:50","modified_gmt":"2025-06-03T16:10:50","slug":"benevolat","status":"publish","type":"page","link":"https:\/\/mealsonwheels-ottawa.org\/fr\/benevolat\/","title":{"rendered":"B\u00e9n\u00e9volat"},"content":{"rendered":"<p><div class=\"fusion-fullwidth fullwidth-box fusion-builder-row-1 fusion-flex-container has-pattern-background has-mask-background nonhundred-percent-fullwidth non-hundred-percent-height-scrolling\" style=\"--awb-border-radius-top-left:0px;--awb-border-radius-top-right:0px;--awb-border-radius-bottom-right:0px;--awb-border-radius-bottom-left:0px;--awb-padding-top:50px;--awb-padding-bottom:50px;--awb-padding-right-small:20px;--awb-padding-bottom-small:21px;--awb-padding-left-small:20px;--awb-min-height:600px;--awb-flex-wrap:wrap;\" ><div class=\"fusion-builder-row fusion-row fusion-flex-align-items-flex-start fusion-flex-content-wrap\" style=\"max-width:1248px;margin-left: calc(-4% \/ 2 );margin-right: calc(-4% \/ 2 );\"><div class=\"fusion-layout-column fusion_builder_column fusion-builder-column-0 fusion_builder_column_2_5 2_5 fusion-flex-column fusion-flex-align-self-stretch\" style=\"--awb-bg-size:cover;--awb-width-large:40%;--awb-margin-top-large:0px;--awb-spacing-right-large:4.8%;--awb-margin-bottom-large:20px;--awb-spacing-left-large:4.8%;--awb-width-medium:40%;--awb-order-medium:0;--awb-spacing-right-medium:4.8%;--awb-spacing-left-medium:4.8%;--awb-width-small:100%;--awb-order-small:1;--awb-spacing-right-small:1.92%;--awb-margin-bottom-small:48px;--awb-spacing-left-small:1.92%;\"><div class=\"fusion-column-wrapper fusion-column-has-shadow fusion-flex-justify-content-center fusion-content-layout-column\"><div class=\"fusion-title title fusion-title-1 fusion-sep-none fusion-title-text fusion-title-size-one\" style=\"--awb-text-color:var(--awb-color3);--awb-margin-top:0px;--awb-margin-top-small:10px;--awb-margin-right-small:0px;--awb-margin-bottom-small:10px;--awb-margin-left-small:0px;\"><h1 class=\"fusion-title-heading title-heading-left fusion-responsive-typography-calculated\" style=\"margin:0;--fontSize:54;line-height:1;\">B\u00e9n\u00e9volat<\/h1><\/div><div class=\"fusion-text fusion-text-1\" style=\"--awb-text-color:var(--awb-color5);\"><p>Les b\u00e9n\u00e9voles sont au c\u0153ur de notre service et constituent un lien pr\u00e9cieux pour les membres de notre communaut\u00e9. Chaque ann\u00e9e, plus de 200 b\u00e9n\u00e9voles sont n\u00e9cessaires pour assurer le bon fonctionnement de nos activit\u00e9s, contribuant ainsi plus de 24 000 heures de service dans le centre d\u2019Ottawa. Rencontrez votre communaut\u00e9 en rejoignant notre \u00e9quipe!<\/p>\n<\/div><div ><a class=\"fusion-button button-flat fusion-button-default-size button-default fusion-button-default button-1 fusion-button-default-span fusion-button-default-type\" target=\"_self\" href=\"https:\/\/app.betterimpact.com\/Application?OrganizationGuid=de09c996-c31c-4662-aeb7-c1946e058979&amp;ApplicationFormNumber=1\"><span class=\"fusion-button-text awb-button__text awb-button__text--default\">En savoir plus<\/span><\/a><\/div><\/div><\/div><div class=\"fusion-layout-column fusion_builder_column fusion-builder-column-1 fusion_builder_column_3_5 3_5 fusion-flex-column fusion-flex-align-self-stretch\" style=\"--awb-overflow:hidden;--awb-bg-color:var(--awb-color1);--awb-bg-color-hover:var(--awb-color1);--awb-bg-image:url(&#039;https:\/\/mealsonwheels-ottawa.org\/wp-content\/uploads\/2025\/04\/mow-volunteer-01.jpg&#039;);--awb-bg-position:center bottom;--awb-bg-size:cover;--awb-border-radius:50px 50px 50px 50px;--awb-width-large:60%;--awb-margin-top-large:0px;--awb-spacing-right-large:3.2%;--awb-margin-bottom-large:20px;--awb-spacing-left-large:3.2%;--awb-width-medium:60%;--awb-order-medium:0;--awb-spacing-right-medium:3.2%;--awb-spacing-left-medium:3.2%;--awb-width-small:100%;--awb-order-small:0;--awb-spacing-right-small:1.92%;--awb-spacing-left-small:1.92%;\"><div class=\"fusion-column-wrapper fusion-column-has-shadow fusion-flex-justify-content-flex-start fusion-content-layout-column fusion-empty-column-bg-image fusion-column-has-bg-image\" data-bg-url=\"https:\/\/mealsonwheels-ottawa.org\/wp-content\/uploads\/2025\/04\/mow-volunteer-01.jpg\"><img decoding=\"async\" class=\"fusion-empty-dims-img-placeholder\" aria-label=\"mow-volunteer-01\" src=\"data:image\/svg+xml,%3Csvg%20xmlns%3D%27http%3A%2F%2Fwww.w3.org%2F2000%2Fsvg%27%20width%3D%272000%27%20height%3D%271500%27%20viewBox%3D%270%200%202000%201500%27%3E%3Crect%20width%3D%272000%27%20height%3D%271500%27%20fill-opacity%3D%220%22%2F%3E%3C%2Fsvg%3E\"><\/div><\/div><\/div><\/div><div class=\"fusion-fullwidth fullwidth-box fusion-builder-row-2 fusion-flex-container has-pattern-background has-mask-background nonhundred-percent-fullwidth non-hundred-percent-height-scrolling\" style=\"--link_color: var(--awb-color3);--awb-border-radius-top-left:0px;--awb-border-radius-top-right:0px;--awb-border-radius-bottom-right:0px;--awb-border-radius-bottom-left:0px;--awb-padding-top:100px;--awb-padding-bottom:100px;--awb-padding-top-small:40px;--awb-padding-right-small:20px;--awb-padding-bottom-small:43px;--awb-padding-left-small:20px;--awb-background-color:var(--awb-color3);--awb-flex-wrap:wrap;\" ><div class=\"fusion-builder-row fusion-row fusion-flex-align-items-flex-start fusion-flex-content-wrap\" style=\"max-width:1248px;margin-left: calc(-4% \/ 2 );margin-right: calc(-4% \/ 2 );\"><div class=\"fusion-layout-column fusion_builder_column fusion-builder-column-2 fusion_builder_column_5_6 5_6 fusion-flex-column\" style=\"--awb-bg-size:cover;--awb-width-large:83.333333333333%;--awb-margin-top-large:0px;--awb-spacing-right-large:2.304%;--awb-margin-bottom-large:70px;--awb-spacing-left-large:2.304%;--awb-width-medium:83.333333333333%;--awb-order-medium:0;--awb-spacing-right-medium:2.304%;--awb-spacing-left-medium:2.304%;--awb-width-small:100%;--awb-order-small:0;--awb-spacing-right-small:1.92%;--awb-margin-bottom-small:19px;--awb-spacing-left-small:1.92%;\"><div class=\"fusion-column-wrapper fusion-column-has-shadow fusion-flex-justify-content-flex-start fusion-content-layout-column\"><div class=\"fusion-title title fusion-title-2 fusion-sep-none fusion-title-text fusion-title-size-two\" style=\"--awb-text-color:var(--awb-color2);--awb-margin-top:0px;--awb-margin-top-small:10px;--awb-margin-right-small:0px;--awb-margin-bottom-small:10px;--awb-margin-left-small:0px;\"><h2 class=\"fusion-title-heading title-heading-left fusion-responsive-typography-calculated\" style=\"margin:0;--fontSize:42;line-height:var(--awb-typography1-line-height);\">Faites la diff\u00e9rence dans votre communaut\u00e9 \u2013 Devenez b\u00e9n\u00e9vole \u00e0 la Popote roulante!<\/h2><\/div><\/div><\/div><div class=\"fusion-layout-column fusion_builder_column fusion-builder-column-3 fusion_builder_column_2_5 2_5 fusion-flex-column fusion-flex-align-self-stretch\" style=\"--awb-padding-right:64px;--awb-padding-right-small:0px;--awb-bg-size:cover;--awb-width-large:40%;--awb-margin-top-large:0px;--awb-spacing-right-large:4.8%;--awb-margin-bottom-large:20px;--awb-spacing-left-large:4.8%;--awb-width-medium:40%;--awb-order-medium:0;--awb-spacing-right-medium:4.8%;--awb-spacing-left-medium:4.8%;--awb-width-small:100%;--awb-order-small:0;--awb-spacing-right-small:1.92%;--awb-spacing-left-small:1.92%;\"><div class=\"fusion-column-wrapper fusion-column-has-shadow fusion-flex-justify-content-center fusion-content-layout-column\"><div class=\"fusion-text fusion-text-2 fusion-text-no-margin\" style=\"--awb-text-color:var(--awb-color1);--awb-margin-bottom:0px;\"><p>Les b\u00e9n\u00e9voles sont le lien vital de notre service et ajoutent une valeur humaine inestimable \u00e0 la qualit\u00e9 du service que nous offrons. Nos b\u00e9n\u00e9voles fournissent \u00e9galement un contact personnel, une v\u00e9rification de s\u00e9curit\u00e9, ainsi qu\u2019une visite quotidienne int\u00e9ress\u00e9e. <\/p>\n<p>Nous remercions sinc\u00e8rement tous les b\u00e9n\u00e9voles pour leur d\u00e9vouement envers Meals on Wheels\/La Popote roulante (Ottawa) et leur engagement \u00e0 avoir un impact positif dans la communaut\u00e9. Vos contributions d\u00e9sint\u00e9ress\u00e9es font vraiment la diff\u00e9rence et nous aident dans notre mission de soutenir nos clients vuln\u00e9rables dans le besoin au sein de notre communaut\u00e9.<\/p>\n<\/div><\/div><\/div><div class=\"fusion-layout-column fusion_builder_column fusion-builder-column-4 fusion_builder_column_3_5 3_5 fusion-flex-column fusion-flex-align-self-stretch\" style=\"--awb-padding-top:30px;--awb-padding-right:50px;--awb-padding-bottom:30px;--awb-padding-left:50px;--awb-padding-right-small:20px;--awb-padding-left-small:20px;--awb-overflow:hidden;--awb-bg-color:var(--awb-color1);--awb-bg-color-hover:var(--awb-color1);--awb-bg-size:cover;--awb-border-radius:50px 50px 50px 50px;--awb-width-large:60%;--awb-margin-top-large:0px;--awb-spacing-right-large:3.2%;--awb-margin-bottom-large:20px;--awb-spacing-left-large:3.2%;--awb-width-medium:60%;--awb-order-medium:0;--awb-spacing-right-medium:3.2%;--awb-spacing-left-medium:3.2%;--awb-width-small:100%;--awb-order-small:0;--awb-spacing-right-small:1.92%;--awb-margin-bottom-small:0px;--awb-spacing-left-small:1.92%;\"><div class=\"fusion-column-wrapper fusion-column-has-shadow fusion-flex-justify-content-flex-start fusion-content-layout-column\"><div class=\"fusion-title title fusion-title-3 fusion-sep-none fusion-title-text fusion-title-size-three\" style=\"--awb-text-color:var(--awb-color3);--awb-margin-top-small:10px;--awb-margin-right-small:0px;--awb-margin-bottom-small:10px;--awb-margin-left-small:0px;\"><h3 class=\"fusion-title-heading title-heading-left sm-text-align-center fusion-responsive-typography-calculated\" style=\"margin:0;--fontSize:28;line-height:var(--awb-typography1-line-height);\">Avantages de faire du b\u00e9n\u00e9volat \u00e0 la Popote roulante:<\/h3><\/div><ul style=\"--awb-iconcolor:var(--awb-color3);--awb-line-height:30.6px;--awb-icon-width:30.6px;--awb-icon-height:30.6px;--awb-icon-margin:12.6px;--awb-content-margin:43.2px;\" class=\"fusion-checklist fusion-checklist-1 fusion-checklist-default type-icons\"><li class=\"fusion-li-item\" style=\"\"><span class=\"icon-wrapper circle-no\"><i class=\"fusion-li-icon fa-heart fas\" aria-hidden=\"true\"><\/i><\/span><div class=\"fusion-li-item-content\">\n<p>Horaires flexibles et engagements selon votre disponibilit\u00e9<\/p>\n<\/div><\/li><li class=\"fusion-li-item\" style=\"\"><span class=\"icon-wrapper circle-no\"><i class=\"fusion-li-icon fa-heart fas\" aria-hidden=\"true\"><\/i><\/span><div class=\"fusion-li-item-content\">\n<p>Remboursement des frais de kilom\u00e9trage par itin\u00e9raire pour les chauffeurs<\/p>\n<\/div><\/li><li class=\"fusion-li-item\" style=\"\"><span class=\"icon-wrapper circle-no\"><i class=\"fusion-li-icon fa-heart fas\" aria-hidden=\"true\"><\/i><\/span><div class=\"fusion-li-item-content\">\n<p>Option de faire du b\u00e9n\u00e9volat en famille, avec des amis ou avec des coll\u00e8gues<\/p>\n<\/div><\/li><li class=\"fusion-li-item\" style=\"\"><span class=\"icon-wrapper circle-no\"><i class=\"fusion-li-icon fa-heart fas\" aria-hidden=\"true\"><\/i><\/span><div class=\"fusion-li-item-content\">\n<p><span style=\"font-weight: 400;\">Participation aux \u00e9v\u00e9nements d\u2019appr\u00e9ciation des b\u00e9n\u00e9voles<\/span><\/p>\n<\/div><\/li><li class=\"fusion-li-item\" style=\"\"><span class=\"icon-wrapper circle-no\"><i class=\"fusion-li-icon fa-heart fas\" aria-hidden=\"true\"><\/i><\/span><div class=\"fusion-li-item-content\">\n<p>Possibilit\u00e9 de rencontrer des gens et de nouer de nouvelles amiti\u00e9s<\/p>\n<\/div><\/li><li class=\"fusion-li-item\" style=\"\"><span class=\"icon-wrapper circle-no\"><i class=\"fusion-li-icon fa-heart fas\" aria-hidden=\"true\"><\/i><\/span><div class=\"fusion-li-item-content\">\n<p>Occasion de redonner \u00e0 la communaut\u00e9<\/p>\n<\/div><\/li><li class=\"fusion-li-item\" style=\"\"><span class=\"icon-wrapper circle-no\"><i class=\"fusion-li-icon fa-heart fas\" aria-hidden=\"true\"><\/i><\/span><div class=\"fusion-li-item-content\">\n<p>Sentiment profond de valeur et d\u2019accomplissement concernant votre impact dans notre communaut\u00e9<\/p>\n<\/div><\/li><\/ul><\/div><\/div><\/div><\/div><div class=\"fusion-fullwidth fullwidth-box fusion-builder-row-3 fusion-flex-container has-pattern-background has-mask-background nonhundred-percent-fullwidth non-hundred-percent-height-scrolling\" style=\"--awb-border-radius-top-left:0px;--awb-border-radius-top-right:0px;--awb-border-radius-bottom-right:0px;--awb-border-radius-bottom-left:0px;--awb-padding-top:100px;--awb-padding-bottom:100px;--awb-padding-top-small:49px;--awb-padding-right-small:20px;--awb-padding-bottom-small:36px;--awb-padding-left-small:20px;--awb-flex-wrap:wrap;\" ><div class=\"fusion-builder-row fusion-row fusion-flex-align-items-flex-start fusion-flex-content-wrap\" style=\"max-width:1248px;margin-left: calc(-4% \/ 2 );margin-right: calc(-4% \/ 2 );\"><div class=\"fusion-layout-column fusion_builder_column fusion-builder-column-5 fusion_builder_column_2_5 2_5 fusion-flex-column fusion-flex-align-self-stretch\" style=\"--awb-overflow:hidden;--awb-bg-color:var(--awb-color1);--awb-bg-color-hover:var(--awb-color1);--awb-bg-image:url(&#039;https:\/\/mealsonwheels-ottawa.org\/wp-content\/uploads\/2025\/04\/mow-web-getinvolved-deliverysmile-image-01.jpg&#039;);--awb-bg-position:center top;--awb-bg-size:cover;--awb-border-radius:50px 50px 50px 50px;--awb-width-large:40%;--awb-margin-top-large:0px;--awb-spacing-right-large:4.8%;--awb-margin-bottom-large:20px;--awb-spacing-left-large:4.8%;--awb-width-medium:40%;--awb-order-medium:0;--awb-spacing-right-medium:4.8%;--awb-spacing-left-medium:4.8%;--awb-width-small:100%;--awb-order-small:2;--awb-spacing-right-small:1.92%;--awb-spacing-left-small:1.92%;\"><div class=\"fusion-column-wrapper fusion-column-has-shadow fusion-flex-justify-content-flex-start fusion-content-layout-column fusion-empty-column-bg-image fusion-column-has-bg-image\" data-bg-url=\"https:\/\/mealsonwheels-ottawa.org\/wp-content\/uploads\/2025\/04\/mow-web-getinvolved-deliverysmile-image-01.jpg\"><img decoding=\"async\" class=\"fusion-empty-dims-img-placeholder\" aria-label=\"mow-web-getinvolved-deliverysmile-image-01\" src=\"data:image\/svg+xml,%3Csvg%20xmlns%3D%27http%3A%2F%2Fwww.w3.org%2F2000%2Fsvg%27%20width%3D%271080%27%20height%3D%271341%27%20viewBox%3D%270%200%201080%201341%27%3E%3Crect%20width%3D%271080%27%20height%3D%271341%27%20fill-opacity%3D%220%22%2F%3E%3C%2Fsvg%3E\"><\/div><\/div><div class=\"fusion-layout-column fusion_builder_column fusion-builder-column-6 fusion_builder_column_3_5 3_5 fusion-flex-column\" style=\"--awb-bg-size:cover;--awb-width-large:60%;--awb-margin-top-large:0px;--awb-spacing-right-large:3.2%;--awb-margin-bottom-large:20px;--awb-spacing-left-large:3.2%;--awb-width-medium:60%;--awb-order-medium:0;--awb-spacing-right-medium:3.2%;--awb-spacing-left-medium:3.2%;--awb-width-small:100%;--awb-order-small:1;--awb-spacing-right-small:1.92%;--awb-spacing-left-small:1.92%;\"><div class=\"fusion-column-wrapper fusion-column-has-shadow fusion-flex-justify-content-flex-start fusion-content-layout-column\"><div class=\"fusion-title title fusion-title-4 fusion-sep-none fusion-title-text fusion-title-size-two\" style=\"--awb-margin-bottom:30px;--awb-margin-top-small:10px;--awb-margin-right-small:0px;--awb-margin-bottom-small:10px;--awb-margin-left-small:0px;\"><h2 class=\"fusion-title-heading title-heading-left fusion-responsive-typography-calculated\" style=\"margin:0;--fontSize:42;line-height:var(--awb-typography1-line-height);\">Pour commencer<\/h2><\/div><div class=\"fusion-text fusion-text-3 fusion-text-no-margin\" style=\"--awb-text-color:var(--awb-color5);--awb-margin-bottom:30px;\"><p>Nos b\u00e9n\u00e9voles viennent de tous les horizons et ont des ant\u00e9c\u00e9dents divers. Il faut une \u00e9quipe d\u00e9vou\u00e9e de plus de 200 b\u00e9n\u00e9voles s\u00e9lectionn\u00e9s et form\u00e9s pour aider \u00e0 nourrir notre communaut\u00e9 \u00e0 Ottawa quotidiennement. <\/p>\n<p>Remplissez notre formulaire de demande en ligne et nous communiquerons avec vous sous peu pour planifier votre entrevue et l\u2019orientation de la Popote roulante.<\/p>\n<p><b>* Veuillez noter que, pour faire une demande, vous devez \u00eatre \u00e2g\u00e9 de 18 ans ou plus, ou avoir un tuteur b\u00e9n\u00e9vole avec vous.<\/b><\/p>\n<\/div><div ><a class=\"fusion-button button-flat fusion-button-default-size button-default fusion-button-default button-2 fusion-button-default-span fusion-button-default-type\" target=\"_blank\" rel=\"noopener noreferrer\" href=\"https:\/\/app.betterimpact.com\/Application?OrganizationGuid=de09c996-c31c-4662-aeb7-c1946e058979&amp;ApplicationFormNumber=1\"><span class=\"fusion-button-text awb-button__text awb-button__text--default\">En savoir plus<\/span><\/a><\/div><\/div><\/div><div class=\"fusion-layout-column fusion_builder_column fusion-builder-column-7 fusion_builder_column_1_1 1_1 fusion-flex-column\" style=\"--awb-bg-size:cover;--awb-width-large:100%;--awb-margin-top-large:63px;--awb-spacing-right-large:1.92%;--awb-margin-bottom-large:20px;--awb-spacing-left-large:1.92%;--awb-width-medium:100%;--awb-order-medium:0;--awb-spacing-right-medium:1.92%;--awb-spacing-left-medium:1.92%;--awb-width-small:100%;--awb-order-small:3;--awb-margin-top-small:11px;--awb-spacing-right-small:1.92%;--awb-spacing-left-small:1.92%;\"><div class=\"fusion-column-wrapper fusion-column-has-shadow fusion-flex-justify-content-flex-start fusion-content-layout-column\"><div class=\"fusion-title title fusion-title-5 fusion-sep-none fusion-title-center fusion-title-text fusion-title-size-two\" style=\"--awb-margin-bottom:30px;--awb-margin-top-small:10px;--awb-margin-right-small:0px;--awb-margin-bottom-small:10px;--awb-margin-left-small:0px;\"><h2 class=\"fusion-title-heading title-heading-center fusion-responsive-typography-calculated\" style=\"margin:0;--fontSize:42;line-height:var(--awb-typography1-line-height);\">T\u00e9moignages de b\u00e9n\u00e9voles<\/h2><\/div><\/div><\/div><div class=\"fusion-layout-column fusion_builder_column fusion-builder-column-8 fusion_builder_column_1_3 1_3 fusion-flex-column fusion-flex-align-self-stretch\" style=\"--awb-padding-top:30px;--awb-padding-right:50px;--awb-padding-bottom:30px;--awb-padding-left:50px;--awb-padding-right-small:30px;--awb-padding-left-small:30px;--awb-overflow:hidden;--awb-bg-color:var(--awb-color3);--awb-bg-color-hover:var(--awb-color3);--awb-bg-size:cover;--awb-border-radius:50px 50px 50px 50px;--awb-width-large:33.333333333333%;--awb-margin-top-large:0px;--awb-spacing-right-large:5.76%;--awb-margin-bottom-large:20px;--awb-spacing-left-large:5.76%;--awb-width-medium:33.333333333333%;--awb-order-medium:0;--awb-spacing-right-medium:5.76%;--awb-spacing-left-medium:5.76%;--awb-width-small:100%;--awb-order-small:4;--awb-spacing-right-small:1.92%;--awb-spacing-left-small:1.92%;\"><div class=\"fusion-column-wrapper fusion-column-has-shadow fusion-flex-justify-content-flex-start fusion-content-layout-column\"><i class=\"fb-icon-element-1 fb-icon-element fontawesome-icon fa-quote-left fas circle-no fusion-text-flow\" style=\"--awb-iconcolor:var(--awb-color2);--awb-iconcolor-hover:var(--awb-color2);--awb-font-size:28px;--awb-margin-bottom:24px;\"><\/i><div class=\"fusion-text fusion-text-4\" style=\"--awb-text-color:var(--awb-color1);\"><p>Je veux soutenir ma collectivit\u00e9 et j\u2019aime le faire. Chaque p\u00e9riode de travail ne dure que deux heures, et elle a un impact consid\u00e9rable sur la vie des clients. Les clients sont toujours reconnaissants. Et le simple fait de livrer un repas et de demander \u201cComment allez-vous?\u201d pourrait \u00eatre la seule interaction qu\u2019ils auront ce jour-l\u00e0.<\/p>\n<\/div><div class=\"fusion-text fusion-text-5\" style=\"--awb-font-size:15px;--awb-text-color:var(--awb-color2);\"><p>&#8211; <span style=\"font-weight: 400;\">Christine J.<\/span><\/p>\n<\/div><\/div><\/div><div class=\"fusion-layout-column fusion_builder_column fusion-builder-column-9 fusion_builder_column_1_3 1_3 fusion-flex-column fusion-flex-align-self-stretch\" style=\"--awb-padding-top:30px;--awb-padding-right:50px;--awb-padding-bottom:30px;--awb-padding-left:50px;--awb-padding-right-small:30px;--awb-padding-left-small:30px;--awb-overflow:hidden;--awb-bg-color:var(--awb-color3);--awb-bg-color-hover:var(--awb-color3);--awb-bg-size:cover;--awb-border-radius:50px 50px 50px 50px;--awb-width-large:33.333333333333%;--awb-margin-top-large:0px;--awb-spacing-right-large:5.76%;--awb-margin-bottom-large:20px;--awb-spacing-left-large:5.76%;--awb-width-medium:33.333333333333%;--awb-order-medium:0;--awb-spacing-right-medium:5.76%;--awb-spacing-left-medium:5.76%;--awb-width-small:100%;--awb-order-small:5;--awb-spacing-right-small:1.92%;--awb-spacing-left-small:1.92%;\"><div class=\"fusion-column-wrapper fusion-column-has-shadow fusion-flex-justify-content-flex-start fusion-content-layout-column\"><i class=\"fb-icon-element-2 fb-icon-element fontawesome-icon fa-quote-left fas circle-no fusion-text-flow\" style=\"--awb-iconcolor:var(--awb-color2);--awb-iconcolor-hover:var(--awb-color2);--awb-font-size:28px;--awb-margin-bottom:24px;\"><\/i><div class=\"fusion-text fusion-text-6\" style=\"--awb-text-color:var(--awb-color1);\"><p>Pour moi, le b\u00e9n\u00e9volat me donne un but dans la vie. Apr\u00e8s avoir pass\u00e9 46 ans \u00e0 travailler dans le domaine de la sant\u00e9 et avoir \u00e9t\u00e9 un dispensateur de soins de premi\u00e8re ligne, je recherchais un environnement o\u00f9 le besoin de fournir des soins aux personnes a\u00een\u00e9es pouvait \u00eatre satisfait. Les b\u00e9n\u00e9voles de la Popote roulante sont une autre paire d\u2019yeux et d\u2019oreilles pour les personnes tr\u00e8s fragiles et seules, et je suis heureux d\u2019\u00eatre un membre de l\u2019\u00e9quipe.<\/p>\n<\/div><div class=\"fusion-text fusion-text-7\" style=\"--awb-font-size:15px;--awb-text-color:var(--awb-color2);\"><p><span style=\"font-weight: 400;\">\u2013 Gurdeep D.<\/span><\/p>\n<\/div><\/div><\/div><div class=\"fusion-layout-column fusion_builder_column fusion-builder-column-10 fusion_builder_column_1_3 1_3 fusion-flex-column fusion-flex-align-self-stretch\" style=\"--awb-padding-top:30px;--awb-padding-right:50px;--awb-padding-bottom:30px;--awb-padding-left:50px;--awb-padding-right-small:30px;--awb-padding-left-small:30px;--awb-overflow:hidden;--awb-bg-color:var(--awb-color3);--awb-bg-color-hover:var(--awb-color3);--awb-bg-size:cover;--awb-border-radius:50px 50px 50px 50px;--awb-width-large:33.333333333333%;--awb-margin-top-large:0px;--awb-spacing-right-large:5.76%;--awb-margin-bottom-large:20px;--awb-spacing-left-large:5.76%;--awb-width-medium:33.333333333333%;--awb-order-medium:0;--awb-spacing-right-medium:5.76%;--awb-spacing-left-medium:5.76%;--awb-width-small:100%;--awb-order-small:6;--awb-spacing-right-small:1.92%;--awb-spacing-left-small:1.92%;\"><div class=\"fusion-column-wrapper fusion-column-has-shadow fusion-flex-justify-content-flex-start fusion-content-layout-column\"><i class=\"fb-icon-element-3 fb-icon-element fontawesome-icon fa-quote-left fas circle-no fusion-text-flow\" style=\"--awb-iconcolor:var(--awb-color2);--awb-iconcolor-hover:var(--awb-color2);--awb-font-size:28px;--awb-margin-bottom:24px;\"><\/i><div class=\"fusion-text fusion-text-8\" style=\"--awb-text-color:var(--awb-color1);\"><p>Tout le monde \u00e0 qui j\u2019effectue une livraison appr\u00e9cie notre service et adore les repas\u2026 et nos sourires! L\u2019organisation est incroyable et fonctionne vraiment tr\u00e8s bien, compte tenu du nombre de personnes auxquelles nous livrons quotidiennement.<\/p>\n<\/div><div class=\"fusion-text fusion-text-9\" style=\"--awb-font-size:15px;--awb-text-color:var(--awb-color2);\"><p>\u2013 MOW Volunteer<\/p>\n<\/div><\/div><\/div><\/div><\/div><\/p>\n","protected":false},"excerpt":{"rendered":"","protected":false},"author":1,"featured_media":0,"parent":0,"menu_order":4,"comment_status":"closed","ping_status":"closed","template":"100-width.php","meta":{"footnotes":""},"class_list":["post-860","page","type-page","status-publish","hentry"],"_links":{"self":[{"href":"https:\/\/mealsonwheels-ottawa.org\/fr\/wp-json\/wp\/v2\/pages\/860","targetHints":{"allow":["GET"]}}],"collection":[{"href":"https:\/\/mealsonwheels-ottawa.org\/fr\/wp-json\/wp\/v2\/pages"}],"about":[{"href":"https:\/\/mealsonwheels-ottawa.org\/fr\/wp-json\/wp\/v2\/types\/page"}],"author":[{"embeddable":true,"href":"https:\/\/mealsonwheels-ottawa.org\/fr\/wp-json\/wp\/v2\/users\/1"}],"replies":[{"embeddable":true,"href":"https:\/\/mealsonwheels-ottawa.org\/fr\/wp-json\/wp\/v2\/comments?post=860"}],"version-history":[{"count":2,"href":"https:\/\/mealsonwheels-ottawa.org\/fr\/wp-json\/wp\/v2\/pages\/860\/revisions"}],"predecessor-version":[{"id":862,"href":"https:\/\/mealsonwheels-ottawa.org\/fr\/wp-json\/wp\/v2\/pages\/860\/revisions\/862"}],"wp:attachment":[{"href":"https:\/\/mealsonwheels-ottawa.org\/fr\/wp-json\/wp\/v2\/media?parent=860"}],"curies":[{"name":"wp","href":"https:\/\/api.w.org\/{rel}","templated":true}]}}