{"id":866,"date":"2025-03-31T17:05:20","date_gmt":"2025-03-31T17:05:20","guid":{"rendered":"https:\/\/mealsonwheels-ottawa.org\/benevolat-dentreprise\/"},"modified":"2025-06-03T16:10:50","modified_gmt":"2025-06-03T16:10:50","slug":"benevolat-dentreprise","status":"publish","type":"page","link":"https:\/\/mealsonwheels-ottawa.org\/fr\/benevolat-dentreprise\/","title":{"rendered":"B\u00e9n\u00e9volat d\u2019entreprise"},"content":{"rendered":"<p><div class=\"fusion-fullwidth fullwidth-box fusion-builder-row-1 fusion-flex-container has-pattern-background has-mask-background nonhundred-percent-fullwidth non-hundred-percent-height-scrolling\" style=\"--awb-border-radius-top-left:0px;--awb-border-radius-top-right:0px;--awb-border-radius-bottom-right:0px;--awb-border-radius-bottom-left:0px;--awb-padding-top:50px;--awb-padding-bottom:50px;--awb-padding-top-small:30px;--awb-padding-right-small:20px;--awb-padding-bottom-small:5px;--awb-padding-left-small:20px;--awb-min-height:600px;--awb-flex-wrap:wrap;\" ><div class=\"fusion-builder-row fusion-row fusion-flex-align-items-flex-start fusion-flex-content-wrap\" style=\"max-width:1248px;margin-left: calc(-4% \/ 2 );margin-right: calc(-4% \/ 2 );\"><div class=\"fusion-layout-column fusion_builder_column fusion-builder-column-0 fusion_builder_column_3_5 3_5 fusion-flex-column fusion-flex-align-self-stretch\" style=\"--awb-overflow:hidden;--awb-bg-color:var(--awb-color1);--awb-bg-color-hover:var(--awb-color1);--awb-bg-image:url(&#039;https:\/\/mealsonwheels-ottawa.org\/wp-content\/uploads\/2025\/04\/mow-web-corporate-image-01.jpg&#039;);--awb-bg-size:cover;--awb-border-radius:50px 50px 50px 50px;--awb-width-large:60%;--awb-margin-top-large:0px;--awb-spacing-right-large:3.2%;--awb-margin-bottom-large:20px;--awb-spacing-left-large:3.2%;--awb-width-medium:60%;--awb-order-medium:0;--awb-spacing-right-medium:3.2%;--awb-spacing-left-medium:3.2%;--awb-width-small:100%;--awb-order-small:0;--awb-spacing-right-small:1.92%;--awb-spacing-left-small:1.92%;\"><div class=\"fusion-column-wrapper fusion-column-has-shadow fusion-flex-justify-content-flex-start fusion-content-layout-column fusion-empty-column-bg-image fusion-column-has-bg-image\" data-bg-url=\"https:\/\/mealsonwheels-ottawa.org\/wp-content\/uploads\/2025\/04\/mow-web-corporate-image-01.jpg\"><img decoding=\"async\" class=\"fusion-empty-dims-img-placeholder\" aria-label=\"mow-web-corporate-image-01\" src=\"data:image\/svg+xml,%3Csvg%20xmlns%3D%27http%3A%2F%2Fwww.w3.org%2F2000%2Fsvg%27%20width%3D%271573%27%20height%3D%271134%27%20viewBox%3D%270%200%201573%201134%27%3E%3Crect%20width%3D%271573%27%20height%3D%271134%27%20fill-opacity%3D%220%22%2F%3E%3C%2Fsvg%3E\"><\/div><\/div><div class=\"fusion-layout-column fusion_builder_column fusion-builder-column-1 fusion_builder_column_2_5 2_5 fusion-flex-column fusion-flex-align-self-stretch\" style=\"--awb-bg-size:cover;--awb-width-large:40%;--awb-margin-top-large:0px;--awb-spacing-right-large:4.8%;--awb-margin-bottom-large:20px;--awb-spacing-left-large:4.8%;--awb-width-medium:40%;--awb-order-medium:0;--awb-spacing-right-medium:4.8%;--awb-spacing-left-medium:4.8%;--awb-width-small:100%;--awb-order-small:1;--awb-spacing-right-small:1.92%;--awb-margin-bottom-small:48px;--awb-spacing-left-small:1.92%;\"><div class=\"fusion-column-wrapper fusion-column-has-shadow fusion-flex-justify-content-center fusion-content-layout-column\"><div class=\"fusion-title title fusion-title-1 fusion-sep-none fusion-title-text fusion-title-size-one\" style=\"--awb-text-color:var(--awb-color3);--awb-margin-top:0px;--awb-margin-top-small:10px;--awb-margin-right-small:0px;--awb-margin-bottom-small:10px;--awb-margin-left-small:0px;\"><h1 class=\"fusion-title-heading title-heading-left fusion-responsive-typography-calculated\" style=\"margin:0;--fontSize:54;line-height:1;\">B\u00e9n\u00e9volat d\u2019entreprise<\/h1><\/div><div class=\"fusion-text fusion-text-1\" style=\"--awb-text-color:var(--awb-color5);\"><p>Le b\u00e9n\u00e9volat d\u2019entreprise ou appuy\u00e9 par les employeurs d\u00e9signe un \u00e9ventail de moyens par lesquels les entreprises encouragent leurs employ\u00e9s \u00e0 faire du b\u00e9n\u00e9volat dans leur communaut\u00e9.<\/p>\n<p>Notre programme de b\u00e9n\u00e9volat d\u2019entreprise donne aux entreprises et \u00e0 leurs employ\u00e9s une occasion unique de contribuer \u00e0 la livraison des repas de la Popote roulante \u00e0 l\u2019heure du midi.<\/p>\n<\/div><div ><a class=\"fusion-button button-flat fusion-button-default-size button-default fusion-button-default button-1 fusion-button-default-span fusion-button-default-type\" target=\"_self\" href=\"https:\/\/mealsonwheels-ottawa.org\/nous-contacter\/?lang=fr\"><span class=\"fusion-button-text awb-button__text awb-button__text--default\">Contactez-nous<\/span><\/a><\/div><\/div><\/div><\/div><\/div><div class=\"fusion-fullwidth fullwidth-box fusion-builder-row-2 fusion-flex-container has-pattern-background has-mask-background nonhundred-percent-fullwidth non-hundred-percent-height-scrolling\" style=\"--link_color: var(--awb-color3);--awb-border-radius-top-left:0px;--awb-border-radius-top-right:0px;--awb-border-radius-bottom-right:0px;--awb-border-radius-bottom-left:0px;--awb-padding-top:100px;--awb-padding-bottom:100px;--awb-padding-top-small:44px;--awb-padding-right-small:20px;--awb-padding-bottom-small:30px;--awb-padding-left-small:20px;--awb-background-color:var(--awb-color3);--awb-flex-wrap:wrap;\" ><div class=\"fusion-builder-row fusion-row fusion-flex-align-items-flex-start fusion-flex-content-wrap\" style=\"max-width:1248px;margin-left: calc(-4% \/ 2 );margin-right: calc(-4% \/ 2 );\"><div class=\"fusion-layout-column fusion_builder_column fusion-builder-column-2 fusion_builder_column_2_5 2_5 fusion-flex-column fusion-flex-align-self-stretch\" style=\"--awb-padding-right:38px;--awb-padding-right-small:0px;--awb-bg-size:cover;--awb-width-large:40%;--awb-margin-top-large:0px;--awb-spacing-right-large:4.8%;--awb-margin-bottom-large:20px;--awb-spacing-left-large:4.8%;--awb-width-medium:40%;--awb-order-medium:0;--awb-spacing-right-medium:4.8%;--awb-spacing-left-medium:4.8%;--awb-width-small:100%;--awb-order-small:0;--awb-spacing-right-small:1.92%;--awb-spacing-left-small:1.92%;\"><div class=\"fusion-column-wrapper fusion-column-has-shadow fusion-flex-justify-content-center fusion-content-layout-column\"><div class=\"fusion-title title fusion-title-2 fusion-sep-none fusion-title-text fusion-title-size-two\" style=\"--awb-text-color:var(--awb-color2);--awb-margin-top:0px;--awb-margin-top-small:10px;--awb-margin-right-small:0px;--awb-margin-bottom-small:10px;--awb-margin-left-small:0px;\"><h2 class=\"fusion-title-heading title-heading-left fusion-responsive-typography-calculated\" style=\"margin:0;--fontSize:42;line-height:var(--awb-typography1-line-height);\">Comment cela fonctionne-t-il?<\/h2><\/div><div class=\"fusion-text fusion-text-2 fusion-text-no-margin\" style=\"--awb-text-color:var(--awb-color1);--awb-margin-bottom:0px;\"><p>Le personnel de notre d\u00e9partement des services b\u00e9n\u00e9voles travaillera avec votre organisation pour trouver un itin\u00e9raire de livraison hebdomadaire qui sera g\u00e9r\u00e9 par votre \u00e9quipe.<\/p>\n<p>Un chef d\u00e9sign\u00e9 au sein de votre \u00e9quipe de livraison d\u2019entreprise agit comme agent de liaison avec le personnel de la Popote roulante pour cr\u00e9er un horaire de rotation des b\u00e9n\u00e9voles de votre organisation.<\/p>\n<p>Votre chef d\u2019\u00e9quipe veillera \u00e0 ce qu\u2019un membre de votre \u00e9quipe soit affect\u00e9 chaque semaine entre 11 h et 13 h 30 pour votre itin\u00e9raire de livraison.<\/p>\n<\/div><\/div><\/div><div class=\"fusion-layout-column fusion_builder_column fusion-builder-column-3 fusion_builder_column_3_5 3_5 fusion-flex-column fusion-flex-align-self-stretch\" style=\"--awb-padding-top:30px;--awb-padding-right:50px;--awb-padding-bottom:30px;--awb-padding-left:50px;--awb-padding-right-small:30px;--awb-padding-left-small:30px;--awb-overflow:hidden;--awb-bg-color:var(--awb-color1);--awb-bg-color-hover:var(--awb-color1);--awb-bg-size:cover;--awb-border-radius:50px 50px 50px 50px;--awb-width-large:60%;--awb-margin-top-large:0px;--awb-spacing-right-large:3.2%;--awb-margin-bottom-large:20px;--awb-spacing-left-large:3.2%;--awb-width-medium:60%;--awb-order-medium:0;--awb-spacing-right-medium:3.2%;--awb-spacing-left-medium:3.2%;--awb-width-small:100%;--awb-order-small:0;--awb-spacing-right-small:1.92%;--awb-spacing-left-small:1.92%;\"><div class=\"fusion-column-wrapper fusion-column-has-shadow fusion-flex-justify-content-flex-start fusion-content-layout-column\"><div class=\"fusion-title title fusion-title-3 fusion-sep-none fusion-title-text fusion-title-size-three\" style=\"--awb-text-color:var(--awb-color3);--awb-margin-top-small:10px;--awb-margin-right-small:0px;--awb-margin-bottom-small:10px;--awb-margin-left-small:0px;\"><h3 class=\"fusion-title-heading title-heading-left fusion-responsive-typography-calculated\" style=\"margin:0;--fontSize:28;line-height:var(--awb-typography1-line-height);\">Avantages:<\/h3><\/div><div class=\"fusion-text fusion-text-3\"><p>Selon <a href=\"https:\/\/hbr.org\/2021\/01\/volunteer-programs-that-employees-can-get-excited-about\" target=\"_blank\" rel=\"noopener\">Jessica Rodell pour le Harvard Business Review<\/a>, \u00ab [d]e nombreuses \u00e9tudes ont montr\u00e9 que les programmes de b\u00e9n\u00e9volat haussent la productivit\u00e9, augmentent l\u2019engagement des employ\u00e9s et am\u00e9liorent l\u2019embauche ainsi que la r\u00e9tention \u00bb<\/p>\n<p>Le b\u00e9n\u00e9volat pour la Popote roulante offre une excellente occasion de redonner \u00e0 la communaut\u00e9 et d\u2019avoir un impact signifiant sur la vie des personnes vuln\u00e9rables. En appuyant cette initiative, les organisations peuvent favoriser une culture de responsabilit\u00e9 sociale et d\u00e9montrer leur engagement \u00e0 lutter contre l\u2019ins\u00e9curit\u00e9 alimentaire, particuli\u00e8rement chez les personnes \u00e2g\u00e9es et les personnes \u00e0 mobilit\u00e9 r\u00e9duite. <\/p>\n<p>Le b\u00e9n\u00e9volat d\u2019entreprise offre \u00e9galement aux employ\u00e9s la possibilit\u00e9 de participer \u00e0 des activit\u00e9s de renforcement d\u2019\u00e9quipe, de d\u00e9velopper un sentiment de fiert\u00e9 \u00e0 l\u2019\u00e9gard de leur travail et d\u2019\u00e9tablir un lien avec la communaut\u00e9 d\u2019Ottawa. De plus, cela peut rehausser la r\u00e9putation de votre organisation en tant qu\u2019organisation compatissante et socialement responsable, ce qui profite ultimement \u00e0 la fois \u00e0 la collectivit\u00e9 et aux affaires de l\u2019entreprise. <\/p>\n<\/div><\/div><\/div><\/div><\/div><div class=\"fusion-bg-parallax\" data-bg-align=\"center center\" data-direction=\"up\" data-mute=\"false\" data-opacity=\"100\" data-velocity=\"-0.3\" data-mobile-enabled=\"false\" data-break_parents=\"0\" data-bg-image=\"https:\/\/mealsonwheels-ottawa.org\/wp-content\/uploads\/2025\/04\/mow-web-corporate-image-02.jpg\" data-bg-repeat=\"false\" data-bg-image-small=\"https:\/\/mealsonwheels-ottawa.org\/wp-content\/uploads\/2025\/04\/mow-web-corporate-image-02.jpg\" ><\/div><div class=\"fusion-fullwidth fullwidth-box fusion-builder-row-3 fusion-flex-container has-pattern-background has-mask-background fusion-parallax-up nonhundred-percent-fullwidth non-hundred-percent-height-scrolling\" style=\"--awb-background-position-small:center center;--awb-border-radius-top-left:0px;--awb-border-radius-top-right:0px;--awb-border-radius-bottom-right:0px;--awb-border-radius-bottom-left:0px;--awb-min-height:600px;--awb-min-height-small:400px;--awb-background-image:url(&quot;https:\/\/mealsonwheels-ottawa.org\/wp-content\/uploads\/2025\/04\/mow-web-corporate-image-02.jpg&quot;);--awb-background-image-small:url(&#039;https:\/\/mealsonwheels-ottawa.org\/wp-content\/uploads\/2025\/04\/mow-web-corporate-image-02.jpg&#039;);--awb-background-size:cover;--awb-flex-wrap:wrap;\" ><div class=\"fusion-builder-row fusion-row fusion-flex-align-items-flex-start fusion-flex-content-wrap\" style=\"max-width:1248px;margin-left: calc(-4% \/ 2 );margin-right: calc(-4% \/ 2 );\"><div class=\"fusion-layout-column fusion_builder_column fusion-builder-column-4 fusion_builder_column_1_1 1_1 fusion-flex-column\" style=\"--awb-bg-size:cover;--awb-width-large:100%;--awb-margin-top-large:0px;--awb-spacing-right-large:1.92%;--awb-margin-bottom-large:20px;--awb-spacing-left-large:1.92%;--awb-width-medium:100%;--awb-order-medium:0;--awb-spacing-right-medium:1.92%;--awb-spacing-left-medium:1.92%;--awb-width-small:100%;--awb-order-small:0;--awb-spacing-right-small:1.92%;--awb-spacing-left-small:1.92%;\"><div class=\"fusion-column-wrapper fusion-column-has-shadow fusion-flex-justify-content-flex-start fusion-content-layout-column\"><\/div><\/div><\/div><\/div><\/p>\n","protected":false},"excerpt":{"rendered":"","protected":false},"author":1,"featured_media":0,"parent":0,"menu_order":4,"comment_status":"closed","ping_status":"closed","template":"100-width.php","meta":{"footnotes":""},"class_list":["post-866","page","type-page","status-publish","hentry"],"_links":{"self":[{"href":"https:\/\/mealsonwheels-ottawa.org\/fr\/wp-json\/wp\/v2\/pages\/866","targetHints":{"allow":["GET"]}}],"collection":[{"href":"https:\/\/mealsonwheels-ottawa.org\/fr\/wp-json\/wp\/v2\/pages"}],"about":[{"href":"https:\/\/mealsonwheels-ottawa.org\/fr\/wp-json\/wp\/v2\/types\/page"}],"author":[{"embeddable":true,"href":"https:\/\/mealsonwheels-ottawa.org\/fr\/wp-json\/wp\/v2\/users\/1"}],"replies":[{"embeddable":true,"href":"https:\/\/mealsonwheels-ottawa.org\/fr\/wp-json\/wp\/v2\/comments?post=866"}],"version-history":[{"count":2,"href":"https:\/\/mealsonwheels-ottawa.org\/fr\/wp-json\/wp\/v2\/pages\/866\/revisions"}],"predecessor-version":[{"id":868,"href":"https:\/\/mealsonwheels-ottawa.org\/fr\/wp-json\/wp\/v2\/pages\/866\/revisions\/868"}],"wp:attachment":[{"href":"https:\/\/mealsonwheels-ottawa.org\/fr\/wp-json\/wp\/v2\/media?parent=866"}],"curies":[{"name":"wp","href":"https:\/\/api.w.org\/{rel}","templated":true}]}}